{"id":8,"date":"2024-05-23T09:26:21","date_gmt":"2024-05-23T09:26:21","guid":{"rendered":"https:\/\/airfryer-przepisy.pl\/sklep\/koszyk\/"},"modified":"2024-09-25T21:30:07","modified_gmt":"2024-09-25T21:30:07","slug":"koszyk","status":"publish","type":"page","link":"https:\/\/airfryer-przepisy.pl\/sklep\/koszyk\/","title":{"rendered":"Koszyk"},"content":{"rendered":"<p>[et_pb_section fb_built=&#8221;1&#8243; custom_padding_last_edited=&#8221;off|desktop&#8221; disabled_on=&#8221;on|off|off&#8221; admin_label=&#8221;Hero&#8221; _builder_version=&#8221;4.23.4&#8243; use_background_color_gradient=&#8221;on&#8221; background_color_gradient_direction=&#8221;90deg&#8221; background_color_gradient_stops=&#8221;rgba(0,0,0,0.75) 0%|rgba(0,0,0,0.2) 100%&#8221; background_color_gradient_overlays_image=&#8221;on&#8221; background_color_gradient_start=&#8221;rgba(0,0,0,0.75)&#8221; background_color_gradient_end=&#8221;rgba(0,0,0,0.2)&#8221; background_image=&#8221;https:\/\/airfryer-przepisy.pl\/sklep\/wp-content\/uploads\/2024\/06\/airfryer-przepisy.jpg&#8221; custom_padding=&#8221;6.6%||5.8%|||&#8221; global_colors_info=&#8221;{}&#8221;][et_pb_row _builder_version=&#8221;4.16&#8243; background_size=&#8221;initial&#8221; background_position=&#8221;top_left&#8221; background_repeat=&#8221;repeat&#8221; custom_margin=&#8221;|||&#8221; animation_style=&#8221;zoom&#8221; animation_intensity_zoom=&#8221;4%&#8221; global_colors_info=&#8221;{}&#8221;][et_pb_column type=&#8221;4_4&#8243; _builder_version=&#8221;4.16&#8243; custom_padding=&#8221;|||&#8221; global_colors_info=&#8221;{}&#8221; custom_padding__hover=&#8221;|||&#8221;][et_pb_text admin_label=&#8221;Title&#8221; _builder_version=&#8221;4.16&#8243; text_font=&#8221;||||||||&#8221; header_font=&#8221;Cormorant Garamond|700|||||||&#8221; header_font_size=&#8221;64px&#8221; background_layout=&#8221;dark&#8221; max_width=&#8221;600px&#8221; animation_style=&#8221;fold&#8221; animation_direction=&#8221;bottom&#8221; animation_delay=&#8221;50ms&#8221; animation_intensity_fold=&#8221;30%&#8221; animation_starting_opacity=&#8221;100%&#8221; global_colors_info=&#8221;{}&#8221;]<\/p>\n<h1>Koszyk<\/h1>\n<p>[\/et_pb_text][\/et_pb_column][\/et_pb_row][\/et_pb_section][et_pb_section fb_built=&#8221;1&#8243; _builder_version=&#8221;4.16&#8243; global_colors_info=&#8221;{}&#8221;][et_pb_row _builder_version=&#8221;4.16&#8243; background_size=&#8221;initial&#8221; background_position=&#8221;top_left&#8221; background_repeat=&#8221;repeat&#8221; global_colors_info=&#8221;{}&#8221;][et_pb_column type=&#8221;4_4&#8243; _builder_version=&#8221;4.16&#8243; custom_padding=&#8221;|||&#8221; global_colors_info=&#8221;{}&#8221; custom_padding__hover=&#8221;|||&#8221;][et_pb_post_title meta=&#8221;off&#8221; featured_image=&#8221;off&#8221; _builder_version=&#8221;4.25.1&#8243; title_font=&#8221;Montserrat|700|||on||||&#8221; global_colors_info=&#8221;{}&#8221;][\/et_pb_post_title][et_pb_wc_cart_notice _builder_version=&#8221;4.25.1&#8243; title_font=&#8221;Montserrat||||||||&#8221; background_color=&#8221;#31d190&#8243; custom_button=&#8221;on&#8221; button_text_color=&#8221;#FFFFFF&#8221; button_bg_color=&#8221;#31d190&#8243; button_border_width=&#8221;0px&#8221; button_font=&#8221;Montserrat|600|||||||&#8221; global_colors_info=&#8221;{}&#8221;][\/et_pb_wc_cart_notice][et_pb_wc_cart_notice page_type=&#8221;product&#8221; product=&#8221;85&#8243; _builder_version=&#8221;4.25.1&#8243; title_font=&#8221;Montserrat||||||||&#8221; background_color=&#8221;#31d190&#8243; custom_button=&#8221;on&#8221; button_text_color=&#8221;#FFFFFF&#8221; button_bg_color=&#8221;#ff7864&#8243; button_border_width=&#8221;0px&#8221; button_font=&#8221;Montserrat|600|||||||&#8221; global_colors_info=&#8221;{}&#8221;][\/et_pb_wc_cart_notice][et_pb_wc_cart_products image_max_width=&#8221;100px&#8221; _builder_version=&#8221;4.25.1&#8243; table_cell_background_color=&#8221;RGBA(255,255,255,0)&#8221; body_font=&#8221;Montserrat|600|||||||&#8221; body_text_color=&#8221;#000000&#8243; table_header_font=&#8221;Montserrat|700|||||||&#8221; custom_button=&#8221;on&#8221; button_text_color=&#8221;#FFFFFF&#8221; button_bg_color=&#8221;#31d190&#8243; button_font=&#8221;Montserrat|600|||||||&#8221; custom_disabled_button=&#8221;on&#8221; disabled_button_text_color=&#8221;#FFFFFF&#8221; disabled_button_bg_color=&#8221;#31d190&#8243; disabled_button_font=&#8221;Montserrat|600|||||||&#8221; global_colors_info=&#8221;{}&#8221;][\/et_pb_wc_cart_products][\/et_pb_column][\/et_pb_row][et_pb_row column_structure=&#8221;1_2,1_2&#8243; _builder_version=&#8221;4.16&#8243; background_size=&#8221;initial&#8221; background_position=&#8221;top_left&#8221; background_repeat=&#8221;repeat&#8221; global_colors_info=&#8221;{}&#8221;][et_pb_column type=&#8221;1_2&#8243; _builder_version=&#8221;4.16&#8243; custom_padding=&#8221;|||&#8221; global_colors_info=&#8221;{}&#8221; custom_padding__hover=&#8221;|||&#8221;][et_pb_code _builder_version=&#8221;4.25.2&#8243; _module_preset=&#8221;default&#8221; hover_enabled=&#8221;0&#8243; sticky_enabled=&#8221;0&#8243;][cuw_checkout_upsells][\/et_pb_code][\/et_pb_column][et_pb_column type=&#8221;1_2&#8243; _builder_version=&#8221;4.16&#8243; custom_padding=&#8221;|||&#8221; global_colors_info=&#8221;{}&#8221; custom_padding__hover=&#8221;|||&#8221;][et_pb_wc_cart_totals _builder_version=&#8221;4.25.1&#8243; title_font=&#8221;Montserrat|700|||||||&#8221; title_text_align=&#8221;center&#8221; column_label_font=&#8221;Montserrat|700|||||||&#8221; body_font=&#8221;Montserrat||||||||&#8221; custom_button=&#8221;on&#8221; button_text_color=&#8221;#FFFFFF&#8221; button_bg_color=&#8221;#31d190&#8243; button_border_width=&#8221;0px&#8221; button_font=&#8221;Montserrat|600|||||||&#8221; global_colors_info=&#8221;{}&#8221;][\/et_pb_wc_cart_totals][\/et_pb_column][\/et_pb_row][\/et_pb_section]<\/p>\n","protected":false},"excerpt":{"rendered":"<p>Jeszcze tylko dzi\u015b i jutro (do 7.07) Ebook 26 przepis\u00f3w na przek\u0105ski z Air Fryer + 10 przepis\u00f3w na sosy\/dipy dost\u0119pny w promocji za 20,99!<\/p>\n","protected":false},"author":1,"featured_media":28405,"parent":0,"menu_order":0,"comment_status":"closed","ping_status":"closed","template":"","meta":{"_et_pb_use_builder":"on","_et_pb_old_content":"<!-- wp:woocommerce\/cart -->\n<div class=\"wp-block-woocommerce-cart alignwide is-loading\"><!-- wp:woocommerce\/filled-cart-block -->\n<div class=\"wp-block-woocommerce-filled-cart-block\"><!-- wp:woocommerce\/cart-items-block -->\n<div class=\"wp-block-woocommerce-cart-items-block\"><!-- wp:woocommerce\/cart-line-items-block -->\n<div class=\"wp-block-woocommerce-cart-line-items-block\"><\/div>\n<!-- \/wp:woocommerce\/cart-line-items-block -->\n\n<!-- wp:woocommerce\/cart-cross-sells-block -->\n<div class=\"wp-block-woocommerce-cart-cross-sells-block\"><!-- wp:heading {\"fontSize\":\"large\"} -->\n<h2 class=\"wp-block-heading has-large-font-size\">Zobacz inne r\u00f3wnie interesuj\u0105ce\u2026<\/h2>\n<!-- \/wp:heading -->\n\n<!-- wp:woocommerce\/cart-cross-sells-products-block -->\n<div class=\"wp-block-woocommerce-cart-cross-sells-products-block\"><\/div>\n<!-- \/wp:woocommerce\/cart-cross-sells-products-block --><\/div>\n<!-- \/wp:woocommerce\/cart-cross-sells-block --><\/div>\n<!-- \/wp:woocommerce\/cart-items-block -->\n\n<!-- wp:woocommerce\/cart-totals-block -->\n<div class=\"wp-block-woocommerce-cart-totals-block\"><!-- wp:woocommerce\/cart-order-summary-block -->\n<div class=\"wp-block-woocommerce-cart-order-summary-block\"><!-- wp:woocommerce\/cart-order-summary-heading-block -->\n<div class=\"wp-block-woocommerce-cart-order-summary-heading-block\"><\/div>\n<!-- \/wp:woocommerce\/cart-order-summary-heading-block -->\n\n<!-- wp:woocommerce\/cart-order-summary-coupon-form-block -->\n<div class=\"wp-block-woocommerce-cart-order-summary-coupon-form-block\"><\/div>\n<!-- \/wp:woocommerce\/cart-order-summary-coupon-form-block -->\n\n<!-- wp:woocommerce\/cart-order-summary-subtotal-block -->\n<div class=\"wp-block-woocommerce-cart-order-summary-subtotal-block\"><\/div>\n<!-- \/wp:woocommerce\/cart-order-summary-subtotal-block -->\n\n<!-- wp:woocommerce\/cart-order-summary-fee-block -->\n<div class=\"wp-block-woocommerce-cart-order-summary-fee-block\"><\/div>\n<!-- \/wp:woocommerce\/cart-order-summary-fee-block -->\n\n<!-- wp:woocommerce\/cart-order-summary-discount-block -->\n<div class=\"wp-block-woocommerce-cart-order-summary-discount-block\"><\/div>\n<!-- \/wp:woocommerce\/cart-order-summary-discount-block -->\n\n<!-- wp:woocommerce\/cart-order-summary-shipping-block -->\n<div class=\"wp-block-woocommerce-cart-order-summary-shipping-block\"><\/div>\n<!-- \/wp:woocommerce\/cart-order-summary-shipping-block -->\n\n<!-- wp:woocommerce\/cart-order-summary-taxes-block -->\n<div class=\"wp-block-woocommerce-cart-order-summary-taxes-block\"><\/div>\n<!-- \/wp:woocommerce\/cart-order-summary-taxes-block --><\/div>\n<!-- \/wp:woocommerce\/cart-order-summary-block -->\n\n<!-- wp:woocommerce\/cart-express-payment-block -->\n<div class=\"wp-block-woocommerce-cart-express-payment-block\"><\/div>\n<!-- \/wp:woocommerce\/cart-express-payment-block -->\n\n<!-- wp:woocommerce\/proceed-to-checkout-block -->\n<div class=\"wp-block-woocommerce-proceed-to-checkout-block\"><\/div>\n<!-- \/wp:woocommerce\/proceed-to-checkout-block -->\n\n<!-- wp:woocommerce\/cart-accepted-payment-methods-block -->\n<div class=\"wp-block-woocommerce-cart-accepted-payment-methods-block\"><\/div>\n<!-- \/wp:woocommerce\/cart-accepted-payment-methods-block --><\/div>\n<!-- \/wp:woocommerce\/cart-totals-block --><\/div>\n<!-- \/wp:woocommerce\/filled-cart-block -->\n\n<!-- wp:woocommerce\/empty-cart-block -->\n<div class=\"wp-block-woocommerce-empty-cart-block\"><!-- wp:heading {\"textAlign\":\"center\",\"className\":\"with-empty-cart-icon wc-block-cart__empty-cart__title\"} -->\n<h2 class=\"wp-block-heading has-text-align-center with-empty-cart-icon wc-block-cart__empty-cart__title\">Tw\u00f3j koszyk jest obecnie pusty!<\/h2>\n<!-- \/wp:heading -->\n\n<!-- wp:separator {\"className\":\"is-style-dots\"} -->\n<hr class=\"wp-block-separator has-alpha-channel-opacity is-style-dots\"\/>\n<!-- \/wp:separator -->\n\n<!-- wp:heading {\"textAlign\":\"center\"} -->\n<h2 class=\"wp-block-heading has-text-align-center\">Nowe w sklepie<\/h2>\n<!-- \/wp:heading -->\n\n<!-- wp:woocommerce\/product-new {\"columns\":4,\"rows\":1} \/--><\/div>\n<!-- \/wp:woocommerce\/empty-cart-block --><\/div>\n<!-- \/wp:woocommerce\/cart -->","_et_gb_content_width":"","footnotes":""},"class_list":["post-8","page","type-page","status-publish","has-post-thumbnail","hentry"],"yoast_head":"<!-- This site is optimized with the Yoast SEO Premium plugin v22.7 (Yoast SEO v22.9) - https:\/\/yoast.com\/wordpress\/plugins\/seo\/ -->\n<title>Koszyk - Sklep Airfryer-Przepisy.pl<\/title>\n<meta name=\"description\" content=\"Jeszcze tylko dzi\u015b i jutro (do 7.07) Ebook 26 przepis\u00f3w na przek\u0105ski z Air Fryer + 10 przepis\u00f3w na sosy\/dipy dost\u0119pny w promocji za 20,99!\" \/>\n<meta name=\"robots\" content=\"index, follow, max-snippet:-1, max-image-preview:large, max-video-preview:-1\" \/>\n<link rel=\"canonical\" href=\"https:\/\/airfryer-przepisy.pl\/sklep\/koszyk\/\" \/>\n<meta property=\"og:locale\" content=\"pl_PL\" \/>\n<meta property=\"og:type\" content=\"article\" \/>\n<meta property=\"og:title\" content=\"Koszyk\" \/>\n<meta property=\"og:description\" content=\"Jeszcze tylko dzi\u015b i jutro (do 7.07) Ebook 26 przepis\u00f3w na przek\u0105ski z Air Fryer + 10 przepis\u00f3w na sosy\/dipy dost\u0119pny w promocji za 20,99!\" \/>\n<meta property=\"og:url\" content=\"https:\/\/airfryer-przepisy.pl\/sklep\/koszyk\/\" \/>\n<meta property=\"og:site_name\" content=\"Sklep Airfryer-Przepisy.pl\" \/>\n<meta property=\"article:modified_time\" content=\"2024-09-25T21:30:07+00:00\" \/>\n<meta property=\"og:image\" content=\"https:\/\/airfryer-przepisy.pl\/sklep\/wp-content\/uploads\/2024\/05\/ebook-przekaski-mockup3.jpg\" \/>\n\t<meta property=\"og:image:width\" content=\"629\" \/>\n\t<meta property=\"og:image:height\" content=\"873\" \/>\n\t<meta property=\"og:image:type\" content=\"image\/jpeg\" \/>\n<meta name=\"twitter:card\" content=\"summary_large_image\" \/>\n<meta name=\"twitter:label1\" content=\"Szacowany czas czytania\" \/>\n\t<meta name=\"twitter:data1\" content=\"1 minuta\" \/>\n<script type=\"application\/ld+json\" class=\"yoast-schema-graph\">{\"@context\":\"https:\/\/schema.org\",\"@graph\":[{\"@type\":\"WebPage\",\"@id\":\"https:\/\/airfryer-przepisy.pl\/sklep\/koszyk\/\",\"url\":\"https:\/\/airfryer-przepisy.pl\/sklep\/koszyk\/\",\"name\":\"Koszyk - Sklep Airfryer-Przepisy.pl\",\"isPartOf\":{\"@id\":\"https:\/\/airfryer-przepisy.pl\/sklep\/#website\"},\"primaryImageOfPage\":{\"@id\":\"https:\/\/airfryer-przepisy.pl\/sklep\/koszyk\/#primaryimage\"},\"image\":{\"@id\":\"https:\/\/airfryer-przepisy.pl\/sklep\/koszyk\/#primaryimage\"},\"thumbnailUrl\":\"https:\/\/airfryer-przepisy.pl\/sklep\/wp-content\/uploads\/2024\/05\/ebook-przekaski-mockup3.jpg\",\"datePublished\":\"2024-05-23T09:26:21+00:00\",\"dateModified\":\"2024-09-25T21:30:07+00:00\",\"description\":\"Jeszcze tylko dzi\u015b i jutro (do 7.07) Ebook 26 przepis\u00f3w na przek\u0105ski z Air Fryer + 10 przepis\u00f3w na sosy\/dipy dost\u0119pny w promocji za 20,99!\",\"breadcrumb\":{\"@id\":\"https:\/\/airfryer-przepisy.pl\/sklep\/koszyk\/#breadcrumb\"},\"inLanguage\":\"pl-PL\",\"potentialAction\":[{\"@type\":\"ReadAction\",\"target\":[\"https:\/\/airfryer-przepisy.pl\/sklep\/koszyk\/\"]}]},{\"@type\":\"ImageObject\",\"inLanguage\":\"pl-PL\",\"@id\":\"https:\/\/airfryer-przepisy.pl\/sklep\/koszyk\/#primaryimage\",\"url\":\"https:\/\/airfryer-przepisy.pl\/sklep\/wp-content\/uploads\/2024\/05\/ebook-przekaski-mockup3.jpg\",\"contentUrl\":\"https:\/\/airfryer-przepisy.pl\/sklep\/wp-content\/uploads\/2024\/05\/ebook-przekaski-mockup3.jpg\",\"width\":629,\"height\":873},{\"@type\":\"BreadcrumbList\",\"@id\":\"https:\/\/airfryer-przepisy.pl\/sklep\/koszyk\/#breadcrumb\",\"itemListElement\":[{\"@type\":\"ListItem\",\"position\":1,\"name\":\"Strona g\u0142\u00f3wna\",\"item\":\"https:\/\/airfryer-przepisy.pl\/sklep\/\"},{\"@type\":\"ListItem\",\"position\":2,\"name\":\"Koszyk\"}]},{\"@type\":\"WebSite\",\"@id\":\"https:\/\/airfryer-przepisy.pl\/sklep\/#website\",\"url\":\"https:\/\/airfryer-przepisy.pl\/sklep\/\",\"name\":\"Sklep Airfryer-Przepisy.pl\",\"description\":\"Najlepsze ebooki z przepisami na Air Fryer\",\"potentialAction\":[{\"@type\":\"SearchAction\",\"target\":{\"@type\":\"EntryPoint\",\"urlTemplate\":\"https:\/\/airfryer-przepisy.pl\/sklep\/?s={search_term_string}\"},\"query-input\":\"required name=search_term_string\"}],\"inLanguage\":\"pl-PL\"}]}<\/script>\n<!-- \/ Yoast SEO Premium plugin. -->","yoast_head_json":{"title":"Koszyk - Sklep Airfryer-Przepisy.pl","description":"Jeszcze tylko dzi\u015b i jutro (do 7.07) Ebook 26 przepis\u00f3w na przek\u0105ski z Air Fryer + 10 przepis\u00f3w na sosy\/dipy dost\u0119pny w promocji za 20,99!","robots":{"index":"index","follow":"follow","max-snippet":"max-snippet:-1","max-image-preview":"max-image-preview:large","max-video-preview":"max-video-preview:-1"},"canonical":"https:\/\/airfryer-przepisy.pl\/sklep\/koszyk\/","og_locale":"pl_PL","og_type":"article","og_title":"Koszyk","og_description":"Jeszcze tylko dzi\u015b i jutro (do 7.07) Ebook 26 przepis\u00f3w na przek\u0105ski z Air Fryer + 10 przepis\u00f3w na sosy\/dipy dost\u0119pny w promocji za 20,99!","og_url":"https:\/\/airfryer-przepisy.pl\/sklep\/koszyk\/","og_site_name":"Sklep Airfryer-Przepisy.pl","article_modified_time":"2024-09-25T21:30:07+00:00","og_image":[{"width":629,"height":873,"url":"https:\/\/airfryer-przepisy.pl\/sklep\/wp-content\/uploads\/2024\/05\/ebook-przekaski-mockup3.jpg","type":"image\/jpeg"}],"twitter_card":"summary_large_image","twitter_misc":{"Szacowany czas czytania":"1 minuta"},"schema":{"@context":"https:\/\/schema.org","@graph":[{"@type":"WebPage","@id":"https:\/\/airfryer-przepisy.pl\/sklep\/koszyk\/","url":"https:\/\/airfryer-przepisy.pl\/sklep\/koszyk\/","name":"Koszyk - Sklep Airfryer-Przepisy.pl","isPartOf":{"@id":"https:\/\/airfryer-przepisy.pl\/sklep\/#website"},"primaryImageOfPage":{"@id":"https:\/\/airfryer-przepisy.pl\/sklep\/koszyk\/#primaryimage"},"image":{"@id":"https:\/\/airfryer-przepisy.pl\/sklep\/koszyk\/#primaryimage"},"thumbnailUrl":"https:\/\/airfryer-przepisy.pl\/sklep\/wp-content\/uploads\/2024\/05\/ebook-przekaski-mockup3.jpg","datePublished":"2024-05-23T09:26:21+00:00","dateModified":"2024-09-25T21:30:07+00:00","description":"Jeszcze tylko dzi\u015b i jutro (do 7.07) Ebook 26 przepis\u00f3w na przek\u0105ski z Air Fryer + 10 przepis\u00f3w na sosy\/dipy dost\u0119pny w promocji za 20,99!","breadcrumb":{"@id":"https:\/\/airfryer-przepisy.pl\/sklep\/koszyk\/#breadcrumb"},"inLanguage":"pl-PL","potentialAction":[{"@type":"ReadAction","target":["https:\/\/airfryer-przepisy.pl\/sklep\/koszyk\/"]}]},{"@type":"ImageObject","inLanguage":"pl-PL","@id":"https:\/\/airfryer-przepisy.pl\/sklep\/koszyk\/#primaryimage","url":"https:\/\/airfryer-przepisy.pl\/sklep\/wp-content\/uploads\/2024\/05\/ebook-przekaski-mockup3.jpg","contentUrl":"https:\/\/airfryer-przepisy.pl\/sklep\/wp-content\/uploads\/2024\/05\/ebook-przekaski-mockup3.jpg","width":629,"height":873},{"@type":"BreadcrumbList","@id":"https:\/\/airfryer-przepisy.pl\/sklep\/koszyk\/#breadcrumb","itemListElement":[{"@type":"ListItem","position":1,"name":"Strona g\u0142\u00f3wna","item":"https:\/\/airfryer-przepisy.pl\/sklep\/"},{"@type":"ListItem","position":2,"name":"Koszyk"}]},{"@type":"WebSite","@id":"https:\/\/airfryer-przepisy.pl\/sklep\/#website","url":"https:\/\/airfryer-przepisy.pl\/sklep\/","name":"Sklep Airfryer-Przepisy.pl","description":"Najlepsze ebooki z przepisami na Air Fryer","potentialAction":[{"@type":"SearchAction","target":{"@type":"EntryPoint","urlTemplate":"https:\/\/airfryer-przepisy.pl\/sklep\/?s={search_term_string}"},"query-input":"required name=search_term_string"}],"inLanguage":"pl-PL"}]}},"_links":{"self":[{"href":"https:\/\/airfryer-przepisy.pl\/sklep\/wp-json\/wp\/v2\/pages\/8","targetHints":{"allow":["GET"]}}],"collection":[{"href":"https:\/\/airfryer-przepisy.pl\/sklep\/wp-json\/wp\/v2\/pages"}],"about":[{"href":"https:\/\/airfryer-przepisy.pl\/sklep\/wp-json\/wp\/v2\/types\/page"}],"author":[{"embeddable":true,"href":"https:\/\/airfryer-przepisy.pl\/sklep\/wp-json\/wp\/v2\/users\/1"}],"replies":[{"embeddable":true,"href":"https:\/\/airfryer-przepisy.pl\/sklep\/wp-json\/wp\/v2\/comments?post=8"}],"version-history":[{"count":11,"href":"https:\/\/airfryer-przepisy.pl\/sklep\/wp-json\/wp\/v2\/pages\/8\/revisions"}],"predecessor-version":[{"id":28965,"href":"https:\/\/airfryer-przepisy.pl\/sklep\/wp-json\/wp\/v2\/pages\/8\/revisions\/28965"}],"wp:featuredmedia":[{"embeddable":true,"href":"https:\/\/airfryer-przepisy.pl\/sklep\/wp-json\/wp\/v2\/media\/28405"}],"wp:attachment":[{"href":"https:\/\/airfryer-przepisy.pl\/sklep\/wp-json\/wp\/v2\/media?parent=8"}],"curies":[{"name":"wp","href":"https:\/\/api.w.org\/{rel}","templated":true}]}}